{"id":147,"date":"2024-12-31T11:39:56","date_gmt":"2024-12-31T10:39:56","guid":{"rendered":"https:\/\/www.vestral.sk\/peter-stavbar\/?page_id=147"},"modified":"2026-04-16T18:00:01","modified_gmt":"2026-04-16T16:00:01","slug":"faq","status":"publish","type":"page","link":"https:\/\/www.stavbarpeter.sk\/?page_id=147","title":{"rendered":"FAQ"},"content":{"rendered":"\n<h1 class=\"wp-block-heading has-text-align-center\">FAQ (\u010dasto kladen\u00e9 ot\u00e1zky)<\/h1>\n\n\n\n<details class=\"wp-block-details is-layout-flow wp-container-core-details-is-layout-e3d1c41b wp-block-details-is-layout-flow\"><summary>Ko\u013eko trv\u00e1 realiz\u00e1cia jednoduch\u00e9ho projektu<\/summary>\n<p>V z\u00e1vislosti od ve\u013ekosti. M\u00f4\u017ee to by\u0165 od r\u00e1na do ve\u010dera.<\/p>\n<\/details>\n\n\n\n<details class=\"wp-block-details is-layout-flow wp-block-details-is-layout-flow\"><summary>M\u00e1 t\u00e1to firma aj nijak\u00e9 referencie?<\/summary>\n<p>Samozrejme. K\u013eudne si pozrite n\u00e1\u0161 web.<\/p>\n<\/details>\n","protected":false},"excerpt":{"rendered":"<p>FAQ (\u010dasto kladen\u00e9 ot\u00e1zky)<\/p>\n","protected":false},"author":1,"featured_media":0,"parent":0,"menu_order":0,"comment_status":"closed","ping_status":"closed","template":"","meta":{"om_disable_all_campaigns":false,"_monsterinsights_skip_tracking":false,"_monsterinsights_sitenote_active":false,"_monsterinsights_sitenote_note":"","_monsterinsights_sitenote_category":0,"footnotes":""},"class_list":["post-147","page","type-page","status-publish","hentry"],"aioseo_notices":[],"featured_image_src":null,"_links":{"self":[{"href":"https:\/\/www.stavbarpeter.sk\/index.php?rest_route=\/wp\/v2\/pages\/147","targetHints":{"allow":["GET"]}}],"collection":[{"href":"https:\/\/www.stavbarpeter.sk\/index.php?rest_route=\/wp\/v2\/pages"}],"about":[{"href":"https:\/\/www.stavbarpeter.sk\/index.php?rest_route=\/wp\/v2\/types\/page"}],"author":[{"embeddable":true,"href":"https:\/\/www.stavbarpeter.sk\/index.php?rest_route=\/wp\/v2\/users\/1"}],"replies":[{"embeddable":true,"href":"https:\/\/www.stavbarpeter.sk\/index.php?rest_route=%2Fwp%2Fv2%2Fcomments&post=147"}],"version-history":[{"count":2,"href":"https:\/\/www.stavbarpeter.sk\/index.php?rest_route=\/wp\/v2\/pages\/147\/revisions"}],"predecessor-version":[{"id":506,"href":"https:\/\/www.stavbarpeter.sk\/index.php?rest_route=\/wp\/v2\/pages\/147\/revisions\/506"}],"wp:attachment":[{"href":"https:\/\/www.stavbarpeter.sk\/index.php?rest_route=%2Fwp%2Fv2%2Fmedia&parent=147"}],"curies":[{"name":"wp","href":"https:\/\/api.w.org\/{rel}","templated":true}]}}