{"id":55,"date":"2024-12-30T15:15:48","date_gmt":"2024-12-30T14:15:48","guid":{"rendered":"https:\/\/www.vestral.sk\/peter-stavbar\/?page_id=55"},"modified":"2024-12-30T15:15:48","modified_gmt":"2024-12-30T14:15:48","slug":"projekty","status":"publish","type":"page","link":"https:\/\/www.stavbarpeter.sk\/?page_id=55","title":{"rendered":"Projekty"},"content":{"rendered":"\n<h1 class=\"wp-block-heading has-text-align-center\">Moje projekty<\/h1>\n\n\n\n<div class=\"wp-block-query is-layout-flow wp-block-query-is-layout-flow\"><ul class=\"wp-block-post-template is-layout-flow wp-block-post-template-is-layout-flow\"><li class=\"wp-block-post post-348 post type-post status-publish format-standard hentry category-nezaradene\">\n\n<div class=\"wp-block-group is-layout-flow wp-block-group-is-layout-flow\" style=\"padding-top:30px;padding-right:30px;padding-bottom:30px;padding-left:30px\"><h2 class=\"has-text-align-center wp-block-post-title\"><a href=\"https:\/\/www.stavbarpeter.sk\/?p=348\" target=\"_self\" >K\u00fapte si dom\u010deky<\/a><\/h2>\n\n<div class=\"has-text-align-center wp-block-post-excerpt\"><p class=\"wp-block-post-excerpt__excerpt\">kupujte kvalitu <\/p><\/div>\n\n<div class=\"wp-block-post-date\"><time datetime=\"2025-01-21T16:55:38+01:00\">21. janu\u00e1ra 2025<\/time><\/div><\/div>\n\n<\/li><li class=\"wp-block-post post-109 post type-post status-publish format-standard hentry category-nezaradene\">\n\n<div class=\"wp-block-group is-layout-flow wp-block-group-is-layout-flow\" style=\"padding-top:30px;padding-right:30px;padding-bottom:30px;padding-left:30px\"><h2 class=\"has-text-align-center wp-block-post-title\"><a href=\"https:\/\/www.stavbarpeter.sk\/?p=109\" target=\"_self\" >Vonkaj\u0161ie dom\u010deky a pr\u00edstavby<\/a><\/h2>\n\n<div class=\"has-text-align-center wp-block-post-excerpt\"><p class=\"wp-block-post-excerpt__excerpt\">Vonkaj\u0161ie dom\u010deky a pr\u00edstavby. Ak potrebujete na z\u00e1hradu kvalitn\u00fa stavbu za rozumn\u00fa cenu, p\u00ed\u0161te, volajte. [&hellip;] <\/p><\/div>\n\n<div class=\"wp-block-post-date\"><time datetime=\"2024-12-30T16:00:05+01:00\">30. decembra 2024<\/time><\/div><\/div>\n\n<\/li><li class=\"wp-block-post post-106 post type-post status-publish format-standard hentry category-nezaradene\">\n\n<div class=\"wp-block-group is-layout-flow wp-block-group-is-layout-flow\" style=\"padding-top:30px;padding-right:30px;padding-bottom:30px;padding-left:30px\"><h2 class=\"has-text-align-center wp-block-post-title\"><a href=\"https:\/\/www.stavbarpeter.sk\/?p=106\" target=\"_self\" >Obklady, osadenie um\u00fdvadiel, bat\u00e9ri\u00ed a skrinky pod um\u00fdvadlo<\/a><\/h2>\n\n<div class=\"has-text-align-center wp-block-post-excerpt\"><p class=\"wp-block-post-excerpt__excerpt\">Obklady, osadenie um\u00fdvadiel, bat\u00e9ri\u00ed a skrinky pod um\u00fdvadlo Obhliadka zdarma Volajte alebo p\u00ed\u0161te <\/p><\/div>\n\n<div class=\"wp-block-post-date\"><time datetime=\"2024-12-30T15:57:31+01:00\">30. decembra 2024<\/time><\/div><\/div>\n\n<\/li><li class=\"wp-block-post post-103 post type-post status-publish format-standard hentry category-nezaradene\">\n\n<div class=\"wp-block-group is-layout-flow wp-block-group-is-layout-flow\" style=\"padding-top:30px;padding-right:30px;padding-bottom:30px;padding-left:30px\"><h2 class=\"has-text-align-center wp-block-post-title\"><a href=\"https:\/\/www.stavbarpeter.sk\/?p=103\" target=\"_self\" >Z\u00e1hradn\u00e9 sedenie<\/a><\/h2>\n\n<div class=\"has-text-align-center wp-block-post-excerpt\"><p class=\"wp-block-post-excerpt__excerpt\">Aj tak\u00e9to kr\u00e1sne z\u00e1hradn\u00e9 sedenie m\u00f4\u017eete ma\u0165 na mieru vo va\u0161ej z\u00e1hrade Nap\u00ed\u0161te mi alebo [&hellip;] <\/p><\/div>\n\n<div class=\"wp-block-post-date\"><time datetime=\"2024-12-30T15:55:33+01:00\">30. decembra 2024<\/time><\/div><\/div>\n\n<\/li><li class=\"wp-block-post post-100 post type-post status-publish format-standard hentry category-nezaradene\">\n\n<div class=\"wp-block-group is-layout-flow wp-block-group-is-layout-flow\" style=\"padding-top:30px;padding-right:30px;padding-bottom:30px;padding-left:30px\"><h2 class=\"has-text-align-center wp-block-post-title\"><a href=\"https:\/\/www.stavbarpeter.sk\/?p=100\" target=\"_self\" >Znova vn\u00fatorn\u00e1 skri\u0148a na mieru a vonkaj\u0161ia skri\u0148a do z\u00e1hrady<\/a><\/h2>\n\n<div class=\"has-text-align-center wp-block-post-excerpt\"><p class=\"wp-block-post-excerpt__excerpt\">Obhliadka zdarma. Nap\u00ed\u0161te mi alebo zavolajte <\/p><\/div>\n\n<div class=\"wp-block-post-date\"><time datetime=\"2024-12-30T15:53:59+01:00\">30. decembra 2024<\/time><\/div><\/div>\n\n<\/li><li class=\"wp-block-post post-96 post type-post status-publish format-standard hentry category-nezaradene\">\n\n<div class=\"wp-block-group is-layout-flow wp-block-group-is-layout-flow\" style=\"padding-top:30px;padding-right:30px;padding-bottom:30px;padding-left:30px\"><h2 class=\"has-text-align-center wp-block-post-title\"><a href=\"https:\/\/www.stavbarpeter.sk\/?p=96\" target=\"_self\" >Pokl\u00e1dka parkiet a l\u00ed\u0161t<\/a><\/h2>\n\n<div class=\"has-text-align-center wp-block-post-excerpt\"><p class=\"wp-block-post-excerpt__excerpt\">Nap\u00ed\u0161te si o cenov\u00fa ponuku <\/p><\/div>\n\n<div class=\"wp-block-post-date\"><time datetime=\"2024-12-30T15:51:38+01:00\">30. decembra 2024<\/time><\/div><\/div>\n\n<\/li><\/ul><\/div>\n\n\n\n<div style=\"height:121px\" aria-hidden=\"true\" class=\"wp-block-spacer\"><\/div>\n","protected":false},"excerpt":{"rendered":"<p>Moje projekty<\/p>\n","protected":false},"author":1,"featured_media":0,"parent":0,"menu_order":0,"comment_status":"closed","ping_status":"closed","template":"page-no-title","meta":{"om_disable_all_campaigns":false,"_monsterinsights_skip_tracking":false,"_monsterinsights_sitenote_active":false,"_monsterinsights_sitenote_note":"","_monsterinsights_sitenote_category":0,"footnotes":""},"class_list":["post-55","page","type-page","status-publish","hentry"],"aioseo_notices":[],"featured_image_src":null,"_links":{"self":[{"href":"https:\/\/www.stavbarpeter.sk\/index.php?rest_route=\/wp\/v2\/pages\/55","targetHints":{"allow":["GET"]}}],"collection":[{"href":"https:\/\/www.stavbarpeter.sk\/index.php?rest_route=\/wp\/v2\/pages"}],"about":[{"href":"https:\/\/www.stavbarpeter.sk\/index.php?rest_route=\/wp\/v2\/types\/page"}],"author":[{"embeddable":true,"href":"https:\/\/www.stavbarpeter.sk\/index.php?rest_route=\/wp\/v2\/users\/1"}],"replies":[{"embeddable":true,"href":"https:\/\/www.stavbarpeter.sk\/index.php?rest_route=%2Fwp%2Fv2%2Fcomments&post=55"}],"version-history":[{"count":0,"href":"https:\/\/www.stavbarpeter.sk\/index.php?rest_route=\/wp\/v2\/pages\/55\/revisions"}],"wp:attachment":[{"href":"https:\/\/www.stavbarpeter.sk\/index.php?rest_route=%2Fwp%2Fv2%2Fmedia&parent=55"}],"curies":[{"name":"wp","href":"https:\/\/api.w.org\/{rel}","templated":true}]}}